{"id":17,"date":"2018-06-20T15:21:45","date_gmt":"2018-06-20T21:21:45","guid":{"rendered":"http:\/\/idesmac.org.mx\/aguasegura\/?page_id=17"},"modified":"2018-06-21T10:38:49","modified_gmt":"2018-06-21T16:38:49","slug":"inicio","status":"publish","type":"page","link":"https:\/\/idesmac.net\/aguasegura\/","title":{"rendered":"Inicio"},"content":{"rendered":"<p>Es un programa integral que busca garantizar el suministro suficiente de agua potable en 60 centros escolares del municipio de Calakmul con el fin de generar espacios educativos dignos y sustentables para ni\u00f1as, ni\u00f1os y j\u00f3venes.<\/p>\n<h4>Sus objetivos espec\u00edficos son:<\/h4>\n<ol>\n<li>Fortalecer el Comit\u00e9 Municipal del Agua (COMA) dentro del Consejo Municipal de Desarrollo Rural sustentable (CMDRS) a partir de la renovaci\u00f3n y formaci\u00f3n de los comit\u00e9s de agua comunitarios, microrregionales y de los centros escolares.<\/li>\n<li>Implementar el Fondo Comunitario del Agua (BEJ J\u00c1) como \u00f3rgano de contralor\u00eda social para la administraci\u00f3n y operaci\u00f3n de los esquemas de abastecimiento de agua en los Centros escolares a trav\u00e9s de obras de captaci\u00f3n pluvial, la ejecuci\u00f3n de tecnolog\u00edas alternativas y la dotaci\u00f3n de infraestructura para la potabilizaci\u00f3n, tratamiento y reutilizaci\u00f3n del agua.<\/li>\n<li>Establecer las escuelas como Centros de Ecotecnias y Tecnolog\u00edas Alternativas para constituirlos como Centros demostrativos de agua segura.<\/li>\n<li>Implementar el programa de Guardianes del Agua en los centros de educaci\u00f3n media y media superior, para la conservaci\u00f3n y restauraci\u00f3n de cuerpos de agua y el establecimiento de parcelas escolares para la producci\u00f3n de alimentos y abastecimiento de los comedores escolares.<\/li>\n<li>Articular un mecanismo de coordinaci\u00f3n intersectorial e intersecretarial para la planeaci\u00f3n, priorizaci\u00f3n y atenci\u00f3n del sector en conjunto con la Alianza por el agua para el dise\u00f1o y ejecuci\u00f3n conjunta de proyectos en el marco de los Acuerdos de Colaboraci\u00f3n para la Gesti\u00f3n H\u00eddrica de Calakmul.<\/li>\n<li>Visibilizar y sistematizar la experiencia de Calakmul como municipio modelo en la gesti\u00f3n del agua<\/li>\n<\/ol>\n","protected":false},"excerpt":{"rendered":"<p>Es un programa integral que busca garantizar el suministro suficiente de agua potable en 60 centros escolares del municipio de Calakmul con el fin de generar espacios educativos dignos y sustentables para ni\u00f1as, ni\u00f1os&#46;&#46;&#46;<\/p>\n","protected":false},"author":1,"featured_media":0,"parent":0,"menu_order":0,"comment_status":"closed","ping_status":"closed","template":"","meta":{"footnotes":""},"class_list":["post-17","page","type-page","status-publish","hentry"],"_links":{"self":[{"href":"https:\/\/idesmac.net\/aguasegura\/wp-json\/wp\/v2\/pages\/17","targetHints":{"allow":["GET"]}}],"collection":[{"href":"https:\/\/idesmac.net\/aguasegura\/wp-json\/wp\/v2\/pages"}],"about":[{"href":"https:\/\/idesmac.net\/aguasegura\/wp-json\/wp\/v2\/types\/page"}],"author":[{"embeddable":true,"href":"https:\/\/idesmac.net\/aguasegura\/wp-json\/wp\/v2\/users\/1"}],"replies":[{"embeddable":true,"href":"https:\/\/idesmac.net\/aguasegura\/wp-json\/wp\/v2\/comments?post=17"}],"version-history":[{"count":6,"href":"https:\/\/idesmac.net\/aguasegura\/wp-json\/wp\/v2\/pages\/17\/revisions"}],"predecessor-version":[{"id":51,"href":"https:\/\/idesmac.net\/aguasegura\/wp-json\/wp\/v2\/pages\/17\/revisions\/51"}],"wp:attachment":[{"href":"https:\/\/idesmac.net\/aguasegura\/wp-json\/wp\/v2\/media?parent=17"}],"curies":[{"name":"wp","href":"https:\/\/api.w.org\/{rel}","templated":true}]}}