{"id":18,"date":"2018-06-20T15:21:45","date_gmt":"2018-06-20T21:21:45","guid":{"rendered":"http:\/\/idesmac.org.mx\/aguasegura\/?page_id=18"},"modified":"2018-06-21T11:15:17","modified_gmt":"2018-06-21T17:15:17","slug":"acerca-de","status":"publish","type":"page","link":"https:\/\/idesmac.net\/aguasegura\/acerca-de\/","title":{"rendered":"Acerca de Calakmul"},"content":{"rendered":"<p>En Calakmul se cuenta con una poblaci\u00f3n de 26,882 habitantes (INEGI, 2010) de los cuales el 26% pertenece a alg\u00fan pueblo ind\u00edgena; particularmente en las localidades establecidas en la zona sur y norte se concentra la mayor parte de migrantes choles, tseltales y tsotsiles. El grado de marginaci\u00f3n municipal es alto, ocupando el lugar 506 a nivel nacional. La media de edad de la poblaci\u00f3n es de 19 a\u00f1os, la densidad de poblaci\u00f3n es apenas de 1.9 habitantes\/km<sup>2<\/sup> y la fecundidad promedio es de 3.3 hijos por cada mujer.<\/p>\n<p>El 49% de las viviendas cuentan con \u00a0drenaje, el 89% con sanitario, el 92% con energ\u00eda el\u00e9ctrica, el 4% tienen tel\u00e9fono fijo y el 24% telefon\u00eda celular, solo el 1% de las viviendas cuentan con acceso a internet.<\/p>\n<p>Las 48 comunidades donde se implementar\u00e1 el Programa \u201cAgua segura para las escuelas de Calakmul\u201d est\u00e1n catalogadas con un Alto grado de marginaci\u00f3n\u00a0(Consejo Nacional de Poblaci\u00f3n, 2012).<\/p>\n<p>Con respecto al \u00cdndice de Desarrollo Humano calculado por el \u00a0PNUD (2005) se presentan los siguientes indicadores:<\/p>\n<table width=\"675\">\n<tbody>\n<tr>\n<td width=\"96\"><strong>Nombre<\/strong><\/td>\n<td width=\"96\"><strong>Tasa de <\/strong><strong>mortalidad <\/strong><strong>infantil<\/strong><\/td>\n<td width=\"96\"><strong>Porcentaje de <\/strong><strong>las personas <\/strong><strong>de 15 a\u00f1os o m\u00e1s <\/strong><strong>Alfabetos<\/strong><\/td>\n<td width=\"96\"><strong>PIB <\/strong><strong>per c\u00e1pita <\/strong><strong>en d\u00f3lares <\/strong><strong>ajustados<\/strong><\/td>\n<td width=\"96\"><strong>\u00cdndice <\/strong><strong>de desarrollo <\/strong><strong>Humano (IDH)<\/strong><\/td>\n<td width=\"96\"><strong>Grado <\/strong><strong>de desarrollo <\/strong><strong>Humano<\/strong><\/td>\n<td width=\"96\"><strong>Lugar<\/strong><\/td>\n<\/tr>\n<tr>\n<td width=\"96\"><em>M\u00e9xico<\/em><\/td>\n<td width=\"96\">24.9<\/td>\n<td width=\"96\">90.3<\/td>\n<td width=\"96\">7,495<\/td>\n<td width=\"96\">0.789<\/td>\n<td width=\"96\">Medio alto<\/td>\n<td width=\"96\"><\/td>\n<\/tr>\n<tr>\n<td width=\"96\"><em>Campeche<\/em><\/td>\n<td width=\"96\">26.0<\/td>\n<td width=\"96\">88.2<\/td>\n<td width=\"96\">13,153<\/td>\n<td width=\"96\">0.815<\/td>\n<td width=\"96\">Alto<\/td>\n<td width=\"96\">10<\/td>\n<\/tr>\n<tr>\n<td width=\"96\"><em>Calakmul<\/em><\/td>\n<td width=\"96\">42.3<\/td>\n<td width=\"96\">74.2<\/td>\n<td width=\"96\">3,689<\/td>\n<td width=\"96\">0.666<\/td>\n<td width=\"96\">Medio alto<\/td>\n<td width=\"96\">1636<\/td>\n<\/tr>\n<\/tbody>\n<\/table>\n","protected":false},"excerpt":{"rendered":"<p>En Calakmul se cuenta con una poblaci\u00f3n de 26,882 habitantes (INEGI, 2010) de los cuales el 26% pertenece a alg\u00fan pueblo ind\u00edgena; particularmente en las localidades establecidas en la zona sur y norte se&#46;&#46;&#46;<\/p>\n","protected":false},"author":1,"featured_media":55,"parent":0,"menu_order":0,"comment_status":"closed","ping_status":"closed","template":"","meta":{"footnotes":""},"class_list":["post-18","page","type-page","status-publish","has-post-thumbnail","hentry"],"_links":{"self":[{"href":"https:\/\/idesmac.net\/aguasegura\/wp-json\/wp\/v2\/pages\/18","targetHints":{"allow":["GET"]}}],"collection":[{"href":"https:\/\/idesmac.net\/aguasegura\/wp-json\/wp\/v2\/pages"}],"about":[{"href":"https:\/\/idesmac.net\/aguasegura\/wp-json\/wp\/v2\/types\/page"}],"author":[{"embeddable":true,"href":"https:\/\/idesmac.net\/aguasegura\/wp-json\/wp\/v2\/users\/1"}],"replies":[{"embeddable":true,"href":"https:\/\/idesmac.net\/aguasegura\/wp-json\/wp\/v2\/comments?post=18"}],"version-history":[{"count":6,"href":"https:\/\/idesmac.net\/aguasegura\/wp-json\/wp\/v2\/pages\/18\/revisions"}],"predecessor-version":[{"id":60,"href":"https:\/\/idesmac.net\/aguasegura\/wp-json\/wp\/v2\/pages\/18\/revisions\/60"}],"wp:featuredmedia":[{"embeddable":true,"href":"https:\/\/idesmac.net\/aguasegura\/wp-json\/wp\/v2\/media\/55"}],"wp:attachment":[{"href":"https:\/\/idesmac.net\/aguasegura\/wp-json\/wp\/v2\/media?parent=18"}],"curies":[{"name":"wp","href":"https:\/\/api.w.org\/{rel}","templated":true}]}}