{"id":2,"date":"2018-06-20T15:08:02","date_gmt":"2018-06-20T21:08:02","guid":{"rendered":"http:\/\/idesmac.org.mx\/aguasegura\/?page_id=2"},"modified":"2018-06-21T10:50:15","modified_gmt":"2018-06-21T16:50:15","slug":"lineas-estrategicas","status":"publish","type":"page","link":"https:\/\/idesmac.net\/aguasegura\/lineas-estrategicas\/","title":{"rendered":"L\u00edneas estrat\u00e9gicas"},"content":{"rendered":"<ol>\n<li><strong> Consolidaci\u00f3n del COMA.<\/strong> Implica la capacitaci\u00f3n y acompa\u00f1amiento de 9 Comit\u00e9s microrregionales y 84 comunitarios del agua<a href=\"#_ftn2\" name=\"_ftnref2\"><\/a>; dado a que es un proyecto dirigido a escuelas, se conformar\u00e1n tambi\u00e9n 60 comit\u00e9s escolares.<\/li>\n<li><strong> Escuela Municipal de Formaci\u00f3n para Promotores Comunitarios en Gesti\u00f3n H\u00eddrica.<\/strong> Esquema de formaci\u00f3n y capacitaci\u00f3n de 336 Comit\u00e9s Comunitarios, 360 Comit\u00e9s Escolares, 60 Guardianes del Agua, 18 representantes microrregionales y 2 municipales; mismo que se implementar\u00e1 a trav\u00e9s de la realizaci\u00f3n de dos <em>Diplomados<\/em> anuales; \u00e9ste se llevar\u00e1 a cabo en colaboraci\u00f3n con la UNACAR y la URQROO.<\/li>\n<li><strong> Fondo Comunitario BEJ JA\u2019. <\/strong>Mecanismo civil para la recepci\u00f3n de fondos (gobierno, iniciativa privada, cooperaci\u00f3n internacional) asignaci\u00f3n, financiamiento y ejecuci\u00f3n de obras de infraestructura h\u00eddrica del municipio. Para el proyecto considera la dotaci\u00f3n de un sistema de captaci\u00f3n potabilizaci\u00f3n, tratamiento y re\u00faso de agua que incluye cisterna de 50,000 litros, bebederos de tres tomas, sistema de distribuci\u00f3n de agua en comedores escolares, laboratorios y sanitarios, biodigestores de 1,000 litros y sistemas de riego para huertos escolares de 20&#215;20 metros) en cada una de las 60 escuelas identificadas.<\/li>\n<li><strong> Centro de Ecotecnias y Tecnolog\u00edas Alternativas. <\/strong>Las 60 escuelas ser\u00e1n establecidas como <em>Centros demostrativos de Agua segura,<\/em> esto con el fin de divulgar las mejores pr\u00e1cticas asociadas y replicar el modelo en el resto de los centros educativos del municipio.<\/li>\n<li><strong>Grupo T\u00e9cnico Intersectorial e Intersecretarial<\/strong>. Para la toma y firma de acuerdos multinivel entre las partes involucradas en el tema de agua. Este tiene como finalidad la integraci\u00f3n de un mecanismo de coordinaci\u00f3n a nivel federal, estatal, municipal y civil para la planeaci\u00f3n, priorizaci\u00f3n y atenci\u00f3n de la problem\u00e1tica identificada en el marco de los Acuerdos de Colaboraci\u00f3n para la Gesti\u00f3n H\u00eddrica en Calakmul. En paralelo se propone la integraci\u00f3n de una <em>Alianza por el Agua<\/em>. Grupo de trabajo liderado por IDESMAC y SMAPAC, al cual se incorporar\u00e1n Fondo para la Paz, Pronatura Yucat\u00e1n, PNUD, IMTA y CDI.<\/li>\n<li><strong>Socializaci\u00f3n y divulgaci\u00f3n<\/strong>. En las secundarias y bachilleratos se implementar\u00e1 la campa\u00f1a <em>Guardianes del Agua<\/em> para la protecci\u00f3n de un acu\u00edfero por escuela. Ah\u00ed mismo, se establecer\u00e1n parcelas con riego para producir alimentos que abastezcan los comedores escolares. Cada a\u00f1o se realizar\u00e1 la Feria del Agua.<\/li>\n<\/ol>\n<p><a href=\"#_ftnref1\" name=\"_ftn1\"><\/a><a href=\"#_ftnref4\" name=\"_ftn4\"><\/a><\/p>\n","protected":false},"excerpt":{"rendered":"<p>Consolidaci\u00f3n del COMA. Implica la capacitaci\u00f3n y acompa\u00f1amiento de 9 Comit\u00e9s microrregionales y 84 comunitarios del agua; dado a que es un proyecto dirigido a escuelas, se conformar\u00e1n tambi\u00e9n 60 comit\u00e9s escolares. Escuela Municipal&#46;&#46;&#46;<\/p>\n","protected":false},"author":1,"featured_media":0,"parent":0,"menu_order":0,"comment_status":"closed","ping_status":"open","template":"","meta":{"footnotes":""},"class_list":["post-2","page","type-page","status-publish","hentry"],"_links":{"self":[{"href":"https:\/\/idesmac.net\/aguasegura\/wp-json\/wp\/v2\/pages\/2","targetHints":{"allow":["GET"]}}],"collection":[{"href":"https:\/\/idesmac.net\/aguasegura\/wp-json\/wp\/v2\/pages"}],"about":[{"href":"https:\/\/idesmac.net\/aguasegura\/wp-json\/wp\/v2\/types\/page"}],"author":[{"embeddable":true,"href":"https:\/\/idesmac.net\/aguasegura\/wp-json\/wp\/v2\/users\/1"}],"replies":[{"embeddable":true,"href":"https:\/\/idesmac.net\/aguasegura\/wp-json\/wp\/v2\/comments?post=2"}],"version-history":[{"count":1,"href":"https:\/\/idesmac.net\/aguasegura\/wp-json\/wp\/v2\/pages\/2\/revisions"}],"predecessor-version":[{"id":53,"href":"https:\/\/idesmac.net\/aguasegura\/wp-json\/wp\/v2\/pages\/2\/revisions\/53"}],"wp:attachment":[{"href":"https:\/\/idesmac.net\/aguasegura\/wp-json\/wp\/v2\/media?parent=2"}],"curies":[{"name":"wp","href":"https:\/\/api.w.org\/{rel}","templated":true}]}}