{"id":307,"date":"2025-02-08T15:18:22","date_gmt":"2025-02-08T21:18:22","guid":{"rendered":"https:\/\/idesmac.net\/mrevistas\/?page_id=307"},"modified":"2025-05-10T14:00:16","modified_gmt":"2025-05-10T20:00:16","slug":"publica-con-nosotros","status":"publish","type":"page","link":"https:\/\/idesmac.net\/mrevistas\/?page_id=307","title":{"rendered":"Publica con nosotros"},"content":{"rendered":"\n<div class=\"wp-block-columns is-layout-flex wp-container-core-columns-is-layout-1 wp-block-columns-is-layout-flex\">\n<div class=\"wp-block-column is-layout-flow wp-block-column-is-layout-flow\" style=\"flex-basis:50%\">\n<figure class=\"wp-block-image size-full is-resized\"><img fetchpriority=\"high\" decoding=\"async\" width=\"1000\" height=\"1000\" src=\"https:\/\/idesmac.net\/mrevistas\/wp-content\/uploads\/2025\/04\/Sin-titulo-1-1.jpg\" alt=\"\" class=\"wp-image-1453\" style=\"width:394px;height:auto\" srcset=\"https:\/\/idesmac.net\/mrevistas\/wp-content\/uploads\/2025\/04\/Sin-titulo-1-1.jpg 1000w, https:\/\/idesmac.net\/mrevistas\/wp-content\/uploads\/2025\/04\/Sin-titulo-1-1-300x300.jpg 300w, https:\/\/idesmac.net\/mrevistas\/wp-content\/uploads\/2025\/04\/Sin-titulo-1-1-150x150.jpg 150w, https:\/\/idesmac.net\/mrevistas\/wp-content\/uploads\/2025\/04\/Sin-titulo-1-1-768x768.jpg 768w, https:\/\/idesmac.net\/mrevistas\/wp-content\/uploads\/2025\/04\/Sin-titulo-1-1-100x100.jpg 100w, https:\/\/idesmac.net\/mrevistas\/wp-content\/uploads\/2025\/04\/Sin-titulo-1-1-600x600.jpg 600w\" sizes=\"(max-width: 1000px) 100vw, 1000px\" \/><\/figure>\n<\/div>\n\n\n\n<div class=\"wp-block-column is-layout-flow wp-block-column-is-layout-flow\" style=\"flex-basis:50%\">\n<p>CONTACTO<\/p>\n\n\n\n<p>Env\u00edanos tus datos y te contactaremos<\/p>\n\n\n\n<p>difusion.idesmac@gmail.com<\/p>\n<\/div>\n<\/div>\n\n\n\n<p class=\"has-large-font-size\"><strong>Normas<\/strong><\/p>\n\n\n\n<p>Los textos ser\u00e1n en espa\u00f1ol con t\u00edtulo y resumen (de no m\u00e1s de 100 palabras, destacando el objetivo y las conclusiones del documento).<\/p>\n\n\n\n<p>El t\u00edtulo no ser\u00e1 mayor de veinte palabras.<\/p>\n\n\n\n<p>En el caso de que las y los autores quieran hacer menci\u00f3n al grupo, colectivo, organizaci\u00f3n, movimiento o instituci\u00f3n al que est\u00e1n adscritos, se deber\u00e1 incluir su nombre completo.<\/p>\n\n\n\n<p>Los trabajos deber\u00e1n tener un m\u00ednimo de tres cuartillas y un m\u00e1ximo de 15, numeradas correlativamente, escritas en espaciado sencillo, con tipograf\u00eda Times new roman de tama\u00f1o 12 puntos. Tal extensi\u00f3n incluye cuadros y figuras.<\/p>\n\n\n\n<p>Los cuadros, figuras im\u00e1genes y fotograf\u00edas deben ir integrados en el texto. Deber\u00e1n tener una impresi\u00f3n clara y contar con una resoluci\u00f3n de por lo menos 300 dpi.<\/p>\n\n\n\n<p>En todos los casos, los cuadros, figuras im\u00e1genes y fotograf\u00edas deber\u00e1n tener pie de foto con los respectivos cr\u00e9ditos al autor o a la fuente correspondiente.<\/p>\n\n\n\n<p>Las y los autores deber\u00e1n se\u00f1alar e integrar en el texto la ubicaci\u00f3n correcta de los cuadros, figuras, im\u00e1genes y fotograf\u00edas, con sus correspondientes t\u00edtulos.<\/p>\n\n\n\n<p>Con relaci\u00f3n al uso de siglas, se requiere que por lo menos se enuncie el t\u00edtulo o nombre completo de referencia en la primera vez que se mencionen.<\/p>\n\n\n\n<p>En el caso de las referencias o citas en el texto se utilizar\u00e1 el sistema nombre-a\u00f1o.<\/p>\n\n\n\n<p>Cuando las y los autores precisen a\u00f1adir alguna informaci\u00f3n adicional, pueden acudir sin excesos a la cita de pie de p\u00e1gina. Todas ellas se enumerar\u00e1n correlativamente a lo largo del art\u00edculo.<\/p>\n\n\n\n<p>La bibliograf\u00eda citada deber\u00e1 estar ordenada alfab\u00e9tica y cronol\u00f3gicamente en formato APA.<\/p>\n\n\n\n<p class=\"has-large-font-size\"><strong>Procedimiento<\/strong><\/p>\n\n\n\n<p>Las y los autores remitir\u00e1n por correo electr\u00f3nico a la direcci\u00f3n: difusi\u00f3n.idesmac@gmail.com un archivo del documento en Microsoft Word y con un texto de solicitud para someter a publicaci\u00f3n el trabajo.<\/p>\n\n\n\n<p>Los textos tambi\u00e9n se pueden entregar en archivo digital, almacenada en CD o memoria USB o en un original impreso, .en la oficina del Instituto para el Desarrollo Sustentable en Mesoam\u00e9rica, A.C. (IDESMAC) localizada en la Av. Crist\u00f3bal Col\u00f3n #35-B, Barrio El Cerrillo en San Crist\u00f3bal de Las Casas, Chiapas, M\u00e9xico.<\/p>\n\n\n\n<p>Las y los autores deber\u00e1n de proporcionar: correo electr\u00f3nico, direcci\u00f3n, tel\u00e9fono, como modo de localizaci\u00f3n, para dudas y observaciones a los escritos, as\u00ed como cualquier otro asunto relacionado con ellos.<\/p>\n\n\n\n<p class=\"has-large-font-size\"><strong>Evaluaci\u00f3n<\/strong><\/p>\n\n\n\n<p>Las contribuciones se recibir\u00e1n a lo largo de todo el a\u00f1o, previendo su publicaci\u00f3n en el n\u00famero del semestre en curso o en su caso, del siguiente.<\/p>\n\n\n\n<p>Las contribuciones ser\u00e1n sometidas a dos dict\u00e1menes por pares acad\u00e9micos bajo la modalidad de doble ciego y de ser aprobadas, se adecuar\u00e1n formalmente a las normas de revisi\u00f3n de estilo y de edici\u00f3n de la revista. En el caso de resultados discrepantes, se remitir\u00e1 a un tercer dictamen.<\/p>\n\n\n\n<p>Los autores podr\u00e1n sugerir revisores para su contribuci\u00f3n, siempre y cuando no sean co-autores del art\u00edculo o que presenten alg\u00fan conflicto de inter\u00e9s.<\/p>\n\n\n\n<p>Los \u00e1rbitros enviar\u00e1n un dictamen con el resultado de la evaluaci\u00f3n, as\u00ed como observaciones a los manuscritos sometidos.<\/p>\n\n\n\n<p>El editor de la revista, con base en los dict\u00e1menes de los evaluadores rechazar\u00e1 los escritos que no cumplan con los requisitos m\u00ednimos; tambi\u00e9n se dar\u00e1n de baja las contribuciones en proceso de revisi\u00f3n que los autores no regresen corregidas en treinta d\u00edas h\u00e1biles.<\/p>\n\n\n\n<p class=\"has-large-font-size\"><strong>Pol\u00edtica de Acceso Abierto<\/strong><\/p>\n\n\n\n<p>La Revista <em>Diversidad<\/em> garantiza el acceso libre e inmediato a su contenido, bajo la premisa de que la difusi\u00f3n abierta de conocimiento fomenta un mayor intercambio de saberes a nivel global. Los materiales publicados en esta revista pueden utilizarse con fines educativos, de divulgaci\u00f3n y de investigaci\u00f3n, siempre que se cite correctamente la fuente. La reproducci\u00f3n, distribuci\u00f3n o uso con fines comerciales no est\u00e1 permitida.<\/p>\n\n\n\n<p class=\"has-large-font-size\"><strong>Derechos de Autor<\/strong><\/p>\n\n\n\n<p>Los derechos de autor de los art\u00edculos, ensayos y dem\u00e1s contribuciones publicadas en la Revista Diversidad pertenecen a sus respectivos autores. Los derechos de edici\u00f3n y publicaci\u00f3n corresponden al Instituto para el Desarrollo Sustentable en Mesoam\u00e9rica, A.C.<\/p>\n\n\n\n<div class=\"wp-block-cover is-light gb-block-cta\" style=\"padding-top:2%;min-height:13em;aspect-ratio:unset;\"><span aria-hidden=\"true\" class=\"wp-block-cover__background has-background-dim\" style=\"background-color:#87836f\"><\/span><img decoding=\"async\" width=\"1600\" height=\"1200\" class=\"wp-block-cover__image-background wp-image-1441\" alt=\"\" src=\"http:\/\/idesmac.net\/mrevistas\/wp-content\/uploads\/2025\/04\/8eb8bab1-c2c5-4a91-bab1-83c90dc5f2b4.jpg\" data-object-fit=\"cover\" srcset=\"https:\/\/idesmac.net\/mrevistas\/wp-content\/uploads\/2025\/04\/8eb8bab1-c2c5-4a91-bab1-83c90dc5f2b4.jpg 1600w, https:\/\/idesmac.net\/mrevistas\/wp-content\/uploads\/2025\/04\/8eb8bab1-c2c5-4a91-bab1-83c90dc5f2b4-300x225.jpg 300w, https:\/\/idesmac.net\/mrevistas\/wp-content\/uploads\/2025\/04\/8eb8bab1-c2c5-4a91-bab1-83c90dc5f2b4-1024x768.jpg 1024w, https:\/\/idesmac.net\/mrevistas\/wp-content\/uploads\/2025\/04\/8eb8bab1-c2c5-4a91-bab1-83c90dc5f2b4-768x576.jpg 768w, https:\/\/idesmac.net\/mrevistas\/wp-content\/uploads\/2025\/04\/8eb8bab1-c2c5-4a91-bab1-83c90dc5f2b4-1536x1152.jpg 1536w\" sizes=\"(max-width: 1600px) 100vw, 1600px\" \/><div class=\"wp-block-cover__inner-container is-layout-flow wp-block-cover-is-layout-flow\">\n<p class=\"has-text-align-center\"><\/p>\n\n\n\n<div class=\"wp-block-buttons is-content-justification-center is-layout-flex wp-container-core-buttons-is-layout-1 wp-block-buttons-is-layout-flex\">\n<div class=\"wp-block-button has-custom-font-size\" style=\"font-size:20px;line-height:1.2\"><a class=\"wp-block-button__link has-text-color has-background wp-element-button\" href=\"mailto:difusion.idesmac@gmail.com?subject=Asunto%20del%20correo&amp;body=Hola,%20quisiera%20m\u00e1s%20informaci\u00f3n\" style=\"border-radius:5px;color:#ffffff;background-color:#3373dc;padding-top:10px;padding-right:1em;padding-bottom:10px;padding-left:1em\">\n  Enviar mensaje\n<\/a><\/div>\n<\/div>\n<\/div><\/div>\n\n\n\n<p><\/p>\n","protected":false},"excerpt":{"rendered":"<p>CONTACTO Env\u00edanos tus datos y te contactaremos difusion.idesmac@gmail.com Normas Los textos ser\u00e1n en espa\u00f1ol con t\u00edtulo y resumen (de no m\u00e1s de 100 palabras, destacando el objetivo y las conclusiones del documento). El t\u00edtulo no ser\u00e1 mayor de veinte palabras. En el caso de que las y los autores quieran hacer menci\u00f3n al grupo, colectivo, [&hellip;]<\/p>\n","protected":false},"author":1,"featured_media":1453,"parent":0,"menu_order":0,"comment_status":"closed","ping_status":"closed","template":"","meta":{"_genesis_hide_title":false,"_genesis_hide_breadcrumbs":false,"_genesis_hide_singular_image":false,"_genesis_hide_footer_widgets":false,"_genesis_custom_body_class":"","_genesis_custom_post_class":"","_genesis_layout":"","footnotes":""},"class_list":{"0":"post-307","1":"page","2":"type-page","3":"status-publish","4":"has-post-thumbnail","6":"entry"},"featured_image_src":"https:\/\/idesmac.net\/mrevistas\/wp-content\/uploads\/2025\/04\/Sin-titulo-1-1-600x400.jpg","featured_image_src_square":"https:\/\/idesmac.net\/mrevistas\/wp-content\/uploads\/2025\/04\/Sin-titulo-1-1-600x600.jpg","_links":{"self":[{"href":"https:\/\/idesmac.net\/mrevistas\/index.php?rest_route=\/wp\/v2\/pages\/307","targetHints":{"allow":["GET"]}}],"collection":[{"href":"https:\/\/idesmac.net\/mrevistas\/index.php?rest_route=\/wp\/v2\/pages"}],"about":[{"href":"https:\/\/idesmac.net\/mrevistas\/index.php?rest_route=\/wp\/v2\/types\/page"}],"author":[{"embeddable":true,"href":"https:\/\/idesmac.net\/mrevistas\/index.php?rest_route=\/wp\/v2\/users\/1"}],"replies":[{"embeddable":true,"href":"https:\/\/idesmac.net\/mrevistas\/index.php?rest_route=%2Fwp%2Fv2%2Fcomments&post=307"}],"version-history":[{"count":10,"href":"https:\/\/idesmac.net\/mrevistas\/index.php?rest_route=\/wp\/v2\/pages\/307\/revisions"}],"predecessor-version":[{"id":1495,"href":"https:\/\/idesmac.net\/mrevistas\/index.php?rest_route=\/wp\/v2\/pages\/307\/revisions\/1495"}],"wp:featuredmedia":[{"embeddable":true,"href":"https:\/\/idesmac.net\/mrevistas\/index.php?rest_route=\/wp\/v2\/media\/1453"}],"wp:attachment":[{"href":"https:\/\/idesmac.net\/mrevistas\/index.php?rest_route=%2Fwp%2Fv2%2Fmedia&parent=307"}],"curies":[{"name":"wp","href":"https:\/\/api.w.org\/{rel}","templated":true}]}}