{"id":391,"date":"2025-02-13T13:23:19","date_gmt":"2025-02-13T19:23:19","guid":{"rendered":"https:\/\/idesmac.net\/mrevistas\/?page_id=391"},"modified":"2025-03-07T11:54:55","modified_gmt":"2025-03-07T17:54:55","slug":"consejo-directivo","status":"publish","type":"page","link":"https:\/\/idesmac.net\/mrevistas\/?page_id=391","title":{"rendered":"Comit\u00e9 Editorial"},"content":{"rendered":"\n<p class=\"has-text-align-center has-large-font-size\"><strong>CONSEJO DIRECTIVO DE IDESMAC<\/strong><\/p>\n\n\n\n<div class=\"wp-block-columns is-layout-flex wp-container-core-columns-is-layout-3 wp-block-columns-is-layout-flex\">\n<div class=\"wp-block-column is-layout-flow wp-block-column-is-layout-flow\" style=\"flex-basis:100%\">\n<div class=\"wp-block-columns is-layout-flex wp-container-core-columns-is-layout-2 wp-block-columns-is-layout-flex\">\n<div class=\"wp-block-column is-layout-flow wp-block-column-is-layout-flow\" style=\"flex-basis:100%\">\n<div class=\"wp-block-group\"><div class=\"wp-block-group__inner-container is-layout-constrained wp-block-group-is-layout-constrained\">\n<div class=\"wp-block-columns is-layout-flex wp-container-core-columns-is-layout-1 wp-block-columns-is-layout-flex\">\n<div class=\"wp-block-column is-layout-flow wp-block-column-is-layout-flow\" style=\"flex-basis:100%\">\n<p class=\"has-large-font-size\"><br>Jorge Armando Hern\u00e1ndez Gonz\u00e1lez<br><strong>Director<\/strong><\/p>\n<\/div>\n\n\n\n<div class=\"wp-block-column is-layout-flow wp-block-column-is-layout-flow\" style=\"flex-basis:100%\">\n<p class=\"has-large-font-size\"><br>Arturo Vicente Arreola Mu\u00f1oz<br><strong><strong>Vicepresidente<\/strong><\/strong><\/p>\n<\/div>\n\n\n\n<div class=\"wp-block-column is-layout-flow wp-block-column-is-layout-flow\" style=\"flex-basis:100%\">\n<p class=\"has-large-font-size\"><br>Grelsvia Aguiluz<br><strong>Directora<\/strong><\/p>\n<\/div>\n<\/div>\n<\/div><\/div>\n<\/div>\n<\/div>\n<\/div>\n<\/div>\n\n\n\n<p class=\"has-text-align-center has-large-font-size\"><br><strong>DIRECTORIO REVISTA<\/strong><\/p>\n\n\n\n<p><br>Grelsvia Aguiluz<br><strong>Directora y editora<\/strong><\/p>\n\n\n\n<p><strong><br>COMIT\u00c9 EDITORIAL<\/strong><br>Dra. A\u00edda Hern\u00e1ndez. CIESAS, CDMX. M\u00e9xico<br>Dra. Andrea Venegas. UNICACH. M\u00e9xico<br>Dr. Antonio Sald\u00edvar. CONACYT. M\u00e9xico<br>Dra. Araceli Burguete. CIESAS, Sureste. M\u00e9xico<br>Dr. Arturo Arreola. IDESMAC. M\u00e9xico<br>Dr. Carlos C\u00f3rdova. Universidad del Estado de<br>Oklahoma (OU). EUA.<br>Dr. Carlos Cortez. UAM -Xochimilco. M\u00e9xico<br>Mtra. Cristina Reyes. IDESMAC. M\u00e9xico <strong>\u2671<\/strong><br>Dr. Ernesto Enkerlin. ITESM. M\u00e9xico<br>Dr. Federico Mancera. CID. M\u00e9xico<br>Lic. Francisco \u00c1lvarez. Sna jtz\u2019ibajom. M\u00e9xico<br>Mtro. Gerardo Negrete. Consultor. M\u00e9xico<br>Mtra. Grelsvia Aguiluz. IDESMAC. M\u00e9xico.<br>Lic. Guadalupe C\u00e1rdenas. COFEMO. M\u00e9xico<br>Dra. Islandia Bezerra. Universidade Federal do Paran\u00e1<br>(UFPR). Brasil<br>Dra. Laura Saavedra. UASLP. M\u00e9xico<br>Dr. Luis Llanos. UACH. M\u00e9xico.<br>Dr. Marco Altamirano. SEMAHN. M\u00e9xico<br>Biol. Marco Gonz\u00e1lez. GAIA. M\u00e9xico<br>Dr. Mart\u00edn Ortiz. UABC. M\u00e9xico<br>Dra. Paola Torres. Consultora. M\u00e9xico<br>Mtro. Raymundo Saury. Consultor. M\u00e9xico<br>Dr. Roberto Bonifaz.UNAM. M\u00e9xico<br>Dr. Valentino Sorani. UAEM. M\u00e9xico<\/p>\n","protected":false},"excerpt":{"rendered":"<p>CONSEJO DIRECTIVO DE IDESMAC Jorge Armando Hern\u00e1ndez Gonz\u00e1lezDirector Arturo Vicente Arreola Mu\u00f1ozVicepresidente Grelsvia AguiluzDirectora DIRECTORIO REVISTA Grelsvia AguiluzDirectora y editora COMIT\u00c9 EDITORIALDra. A\u00edda Hern\u00e1ndez. CIESAS, CDMX. M\u00e9xicoDra. Andrea Venegas. UNICACH. M\u00e9xicoDr. Antonio Sald\u00edvar. CONACYT. M\u00e9xicoDra. Araceli Burguete. CIESAS, Sureste. M\u00e9xicoDr. Arturo Arreola. IDESMAC. M\u00e9xicoDr. Carlos C\u00f3rdova. Universidad del Estado deOklahoma (OU). EUA.Dr. Carlos Cortez. UAM [&hellip;]<\/p>\n","protected":false},"author":1,"featured_media":0,"parent":0,"menu_order":0,"comment_status":"closed","ping_status":"closed","template":"","meta":{"_genesis_hide_title":false,"_genesis_hide_breadcrumbs":false,"_genesis_hide_singular_image":false,"_genesis_hide_footer_widgets":false,"_genesis_custom_body_class":"","_genesis_custom_post_class":"","_genesis_layout":"","footnotes":""},"class_list":{"0":"post-391","1":"page","2":"type-page","3":"status-publish","5":"entry"},"featured_image_src":null,"featured_image_src_square":null,"_links":{"self":[{"href":"https:\/\/idesmac.net\/mrevistas\/index.php?rest_route=\/wp\/v2\/pages\/391","targetHints":{"allow":["GET"]}}],"collection":[{"href":"https:\/\/idesmac.net\/mrevistas\/index.php?rest_route=\/wp\/v2\/pages"}],"about":[{"href":"https:\/\/idesmac.net\/mrevistas\/index.php?rest_route=\/wp\/v2\/types\/page"}],"author":[{"embeddable":true,"href":"https:\/\/idesmac.net\/mrevistas\/index.php?rest_route=\/wp\/v2\/users\/1"}],"replies":[{"embeddable":true,"href":"https:\/\/idesmac.net\/mrevistas\/index.php?rest_route=%2Fwp%2Fv2%2Fcomments&post=391"}],"version-history":[{"count":8,"href":"https:\/\/idesmac.net\/mrevistas\/index.php?rest_route=\/wp\/v2\/pages\/391\/revisions"}],"predecessor-version":[{"id":682,"href":"https:\/\/idesmac.net\/mrevistas\/index.php?rest_route=\/wp\/v2\/pages\/391\/revisions\/682"}],"wp:attachment":[{"href":"https:\/\/idesmac.net\/mrevistas\/index.php?rest_route=%2Fwp%2Fv2%2Fmedia&parent=391"}],"curies":[{"name":"wp","href":"https:\/\/api.w.org\/{rel}","templated":true}]}}