{"id":8,"date":"2024-11-27T15:11:30","date_gmt":"2024-11-27T21:11:30","guid":{"rendered":"http:\/\/idesmac.net\/mrevistas\/?page_id=8"},"modified":"2025-05-10T14:02:29","modified_gmt":"2025-05-10T20:02:29","slug":"homepage","status":"publish","type":"page","link":"https:\/\/idesmac.net\/mrevistas\/","title":{"rendered":"Homepage"},"content":{"rendered":"\n<div style=\"height:20px\" aria-hidden=\"true\" class=\"wp-block-spacer\"><\/div>\n\n\n<div class='pt-cv-wrapper'> <div class=\"pt-cv-view pt-cv-scrollable pt-cv-colsys iscvblock iscvreal scrollable layout1 cveffect-zoomin\" id=\"pt-cv-view-x7u8s0mx\"><div data-id=\"pt-cv-page-1\" class=\"pt-cv-page\" data-cvc=\"1\"><div id=\"9a49cbfdo1\" class=\"pt-cv-carousel pt-cv-slide\" data-ride=\"cvcarousel\" data-interval=false>\n<div class=\"carousel-inner\"><div class=\"item active\"><div class=\"row\"><div class=\"col-md-12 pt-cv-content-item pt-cv-1-col\" ><div class=\"pt-cv-thumb-wrapper  \"><a href=\"https:\/\/idesmac.net\/mrevistas\/?page_id=307\" class=\"_self pt-cv-href-thumbnail pt-cv-thumb-default\" target=\"_self\" ><img fetchpriority=\"high\" decoding=\"async\" width=\"768\" height=\"768\" src=\"https:\/\/idesmac.net\/mrevistas\/wp-content\/uploads\/2025\/04\/Sin-titulo-1-1-768x768.jpg\" class=\"pt-cv-thumbnail\" alt=\"\" \/><\/a><\/div>\n<div class=\"pt-cv-carousel-caption pt-cv-cap-w-img\"><div class=\"pt-cv-taxoterm above_title\"><\/div>\n<h4 class=\"pt-cv-title\"><a href=\"https:\/\/idesmac.net\/mrevistas\/?page_id=307\" class=\"_self\" target=\"_self\" >Publica con nosotros<\/a><\/h4>\n<div class=\"pt-cv-content\">CONTACTO Env\u00edanos tus datos y te contactaremos difusion.idesmac@gmail.com Normas Los textos ser\u00e1n en espa\u00f1ol con t\u00edtulo y resumen (de no &#8230;<\/div>\n<div class=\"pt-cv-rmwrap\"><a href=\"https:\/\/idesmac.net\/mrevistas\/?page_id=307\" class=\"_self pt-cv-readmore btn btn-success\" target=\"_self\" >Leer M\u00e1s<\/a><\/div><\/div><\/div><\/div><\/div><\/div>\n<\/div><\/div><\/div> <\/div> <style>\n\n#pt-cv-view-x7u8s0mx .pt-cv-meta-fields {  }#pt-cv-view-x7u8s0mx .pt-cv-meta-fields * { font-size: 13px; }#pt-cv-view-x7u8s0mx .pt-cv-thumb-wrapper:not(.miniwrap) { width: 100%; }#pt-cv-view-x7u8s0mx .pt-cv-thumbnail:not(.pt-cv-thumbnailsm) { height: 491px; }#pt-cv-view-x7u8s0mx .pt-cv-title a { text-align: center;display: block; }#pt-cv-view-x7u8s0mx .pt-cv-title:not(.pt-cv-titlesm) a { font-weight: 600;text-decoration: none;font-size: 20px; }#pt-cv-view-x7u8s0mx .pt-cv-titlesm a { font-weight: 600;font-size: 18px; }#pt-cv-view-x7u8s0mx .pt-cv-content { text-align: center;font-size: 15px; }#pt-cv-view-x7u8s0mx .pt-cv-rmwrap { text-align: center; }#pt-cv-view-x7u8s0mx .pt-cv-readmore { color: #fff;background-color: #ddb100;font-size: 14px; }#pt-cv-view-x7u8s0mx .pt-cv-taxoterm {  }#pt-cv-view-x7u8s0mx .pt-cv-taxoterm * { color: #222;background-color: #fff6f6;font-size: 14px; }#pt-cv-view-x7u8s0mx + .pt-cv-pagination-wrapper {  }#pt-cv-view-x7u8s0mx + .pt-cv-pagination-wrapper a { font-size: 14px; }\n@media all and (max-width: 1024px) { \n\n} \n@media all and (max-width: 767px) { \n\n} <\/style>\n\n<div class='pt-cv-wrapper'> <div class=\"pt-cv-view pt-cv-overlaygrid iscvblock iscvreal overlay6 layout3 cveffect-zoomin\" id=\"pt-cv-view-67yj049c\"><div data-id=\"pt-cv-page-1\" class=\"pt-cv-page\" data-cvc=\"2\"><div class=\" pt-cv-content-item pt-cv-1-col cv-main-post\" ><div class=\"pt-cv-thumb-wrapper  \"><a href=\"https:\/\/idesmac.net\/mrevistas\/?p=365\" class=\"_self pt-cv-href-thumbnail pt-cv-thumb-default\" target=\"_self\" ><img decoding=\"async\" width=\"1700\" height=\"2200\" src=\"https:\/\/idesmac.net\/mrevistas\/wp-content\/uploads\/2023\/02\/23-1.jpg\" class=\"pt-cv-thumbnail\" alt=\"\" srcset=\"https:\/\/idesmac.net\/mrevistas\/wp-content\/uploads\/2023\/02\/23-1.jpg 1700w, https:\/\/idesmac.net\/mrevistas\/wp-content\/uploads\/2023\/02\/23-1-232x300.jpg 232w, https:\/\/idesmac.net\/mrevistas\/wp-content\/uploads\/2023\/02\/23-1-791x1024.jpg 791w, https:\/\/idesmac.net\/mrevistas\/wp-content\/uploads\/2023\/02\/23-1-768x994.jpg 768w, https:\/\/idesmac.net\/mrevistas\/wp-content\/uploads\/2023\/02\/23-1-1187x1536.jpg 1187w, https:\/\/idesmac.net\/mrevistas\/wp-content\/uploads\/2023\/02\/23-1-1583x2048.jpg 1583w\" sizes=\"(max-width: 1700px) 100vw, 1700px\" \/><\/a><\/div>\n<div class=\"pt-cv-overlay-wrapper\"><h2 class=\"pt-cv-title\"><a href=\"https:\/\/idesmac.net\/mrevistas\/?p=365\" class=\"_self\" target=\"_self\" >Revista N\u00famero 23<\/a><\/h2><div class=\"pt-cv-rmwrap\"><a href=\"https:\/\/idesmac.net\/mrevistas\/?p=365\" class=\"_self pt-cv-readmore btn btn-success\" target=\"_self\" >Leer M\u00e1s<\/a><\/div><div class=\"pt-cv-meta-fields\"><span class=\"entry-date\"> <time datetime=\"2023-02-13T06:38:02-06:00\">febrero 13, 2023<\/time><\/span><span> \/ <\/span><span class=\"author\"> <a href=\"https:\/\/idesmac.net\/mrevistas\/?author=10\" rel=\"author\">IDESMAC<\/a><\/span><\/div><\/div><\/div>\n<div class=\" pt-cv-content-item pt-cv-1-col\" ><div class=\"pt-cv-thumb-wrapper  miniwrap\"><a href=\"https:\/\/idesmac.net\/mrevistas\/?p=363\" class=\"_self pt-cv-href-thumbnail pt-cv-thumb-default\" target=\"_self\" ><img decoding=\"async\" width=\"768\" height=\"994\" src=\"https:\/\/idesmac.net\/mrevistas\/wp-content\/uploads\/2023\/02\/22-768x994.jpg\" class=\"pt-cv-thumbnail pt-cv-thumbnailsm\" alt=\"\" srcset=\"https:\/\/idesmac.net\/mrevistas\/wp-content\/uploads\/2023\/02\/22-768x994.jpg 768w, https:\/\/idesmac.net\/mrevistas\/wp-content\/uploads\/2023\/02\/22-232x300.jpg 232w, https:\/\/idesmac.net\/mrevistas\/wp-content\/uploads\/2023\/02\/22-791x1024.jpg 791w, https:\/\/idesmac.net\/mrevistas\/wp-content\/uploads\/2023\/02\/22-1187x1536.jpg 1187w, https:\/\/idesmac.net\/mrevistas\/wp-content\/uploads\/2023\/02\/22-1583x2048.jpg 1583w, https:\/\/idesmac.net\/mrevistas\/wp-content\/uploads\/2023\/02\/22-scaled.jpg 1978w\" sizes=\"(max-width: 768px) 100vw, 768px\" \/><\/a><\/div>\n<div class=\"pt-cv-overlay-wrapper\"><h2 class=\"pt-cv-title pt-cv-titlesm\"><a href=\"https:\/\/idesmac.net\/mrevistas\/?p=363\" class=\"_self\" target=\"_self\" >Revistas N\u00famero 22<\/a><\/h2><div class=\"pt-cv-rmwrap\"><a href=\"https:\/\/idesmac.net\/mrevistas\/?p=363\" class=\"_self pt-cv-readmore btn btn-success\" target=\"_self\" >Leer M\u00e1s<\/a><\/div><div class=\"pt-cv-meta-fields\"><span class=\"entry-date\"> <time datetime=\"2022-02-13T06:37:40-06:00\">febrero 13, 2022<\/time><\/span><span> \/ <\/span><span class=\"author\"> <a href=\"https:\/\/idesmac.net\/mrevistas\/?author=10\" rel=\"author\">IDESMAC<\/a><\/span><\/div><\/div><\/div>\n<div class=\" pt-cv-content-item pt-cv-1-col\" ><div class=\"pt-cv-thumb-wrapper  miniwrap\"><a href=\"https:\/\/idesmac.net\/mrevistas\/?p=361\" class=\"_self pt-cv-href-thumbnail pt-cv-thumb-default\" target=\"_self\" ><img loading=\"lazy\" decoding=\"async\" width=\"768\" height=\"994\" src=\"https:\/\/idesmac.net\/mrevistas\/wp-content\/uploads\/2023\/02\/21-768x994.jpg\" class=\"pt-cv-thumbnail pt-cv-thumbnailsm\" alt=\"\" srcset=\"https:\/\/idesmac.net\/mrevistas\/wp-content\/uploads\/2023\/02\/21-768x994.jpg 768w, https:\/\/idesmac.net\/mrevistas\/wp-content\/uploads\/2023\/02\/21-232x300.jpg 232w, https:\/\/idesmac.net\/mrevistas\/wp-content\/uploads\/2023\/02\/21-791x1024.jpg 791w, https:\/\/idesmac.net\/mrevistas\/wp-content\/uploads\/2023\/02\/21-1187x1536.jpg 1187w, https:\/\/idesmac.net\/mrevistas\/wp-content\/uploads\/2023\/02\/21-1583x2048.jpg 1583w, https:\/\/idesmac.net\/mrevistas\/wp-content\/uploads\/2023\/02\/21-scaled.jpg 1978w\" sizes=\"(max-width: 768px) 100vw, 768px\" \/><\/a><\/div>\n<div class=\"pt-cv-overlay-wrapper\"><h2 class=\"pt-cv-title pt-cv-titlesm\"><a href=\"https:\/\/idesmac.net\/mrevistas\/?p=361\" class=\"_self\" target=\"_self\" >Revista N\u00famero 21<\/a><\/h2><div class=\"pt-cv-rmwrap\"><a href=\"https:\/\/idesmac.net\/mrevistas\/?p=361\" class=\"_self pt-cv-readmore btn btn-success\" target=\"_self\" >Leer M\u00e1s<\/a><\/div><div class=\"pt-cv-meta-fields\"><span class=\"entry-date\"> <time datetime=\"2021-02-13T06:37:20-06:00\">febrero 13, 2021<\/time><\/span><span> \/ <\/span><span class=\"author\"> <a href=\"https:\/\/idesmac.net\/mrevistas\/?author=10\" rel=\"author\">IDESMAC<\/a><\/span><\/div><\/div><\/div>\n<div class=\" pt-cv-content-item pt-cv-1-col\" ><div class=\"pt-cv-thumb-wrapper  miniwrap\"><a href=\"https:\/\/idesmac.net\/mrevistas\/?p=359\" class=\"_self pt-cv-href-thumbnail pt-cv-thumb-default\" target=\"_self\" ><img loading=\"lazy\" decoding=\"async\" width=\"768\" height=\"994\" src=\"https:\/\/idesmac.net\/mrevistas\/wp-content\/uploads\/2023\/02\/20-768x994.jpg\" class=\"pt-cv-thumbnail pt-cv-thumbnailsm\" alt=\"\" srcset=\"https:\/\/idesmac.net\/mrevistas\/wp-content\/uploads\/2023\/02\/20-768x994.jpg 768w, https:\/\/idesmac.net\/mrevistas\/wp-content\/uploads\/2023\/02\/20-232x300.jpg 232w, https:\/\/idesmac.net\/mrevistas\/wp-content\/uploads\/2023\/02\/20-791x1024.jpg 791w, https:\/\/idesmac.net\/mrevistas\/wp-content\/uploads\/2023\/02\/20-1187x1536.jpg 1187w, https:\/\/idesmac.net\/mrevistas\/wp-content\/uploads\/2023\/02\/20-1583x2048.jpg 1583w, https:\/\/idesmac.net\/mrevistas\/wp-content\/uploads\/2023\/02\/20-scaled.jpg 1978w\" sizes=\"(max-width: 768px) 100vw, 768px\" \/><\/a><\/div>\n<div class=\"pt-cv-overlay-wrapper\"><h2 class=\"pt-cv-title pt-cv-titlesm\"><a href=\"https:\/\/idesmac.net\/mrevistas\/?p=359\" class=\"_self\" target=\"_self\" >Revista N\u00famero 20<\/a><\/h2><div class=\"pt-cv-rmwrap\"><a href=\"https:\/\/idesmac.net\/mrevistas\/?p=359\" class=\"_self pt-cv-readmore btn btn-success\" target=\"_self\" >Leer M\u00e1s<\/a><\/div><div class=\"pt-cv-meta-fields\"><span class=\"entry-date\"> <time datetime=\"2021-02-13T06:36:57-06:00\">febrero 13, 2021<\/time><\/span><span> \/ <\/span><span class=\"author\"> <a href=\"https:\/\/idesmac.net\/mrevistas\/?author=10\" rel=\"author\">IDESMAC<\/a><\/span><\/div><\/div><\/div>\n<div class=\" pt-cv-content-item pt-cv-1-col\" ><div class=\"pt-cv-thumb-wrapper  miniwrap\"><a href=\"https:\/\/idesmac.net\/mrevistas\/?p=357\" class=\"_self pt-cv-href-thumbnail pt-cv-thumb-default\" target=\"_self\" ><img loading=\"lazy\" decoding=\"async\" width=\"768\" height=\"994\" src=\"https:\/\/idesmac.net\/mrevistas\/wp-content\/uploads\/2023\/02\/19-768x994.jpg\" class=\"pt-cv-thumbnail pt-cv-thumbnailsm\" alt=\"\" srcset=\"https:\/\/idesmac.net\/mrevistas\/wp-content\/uploads\/2023\/02\/19-768x994.jpg 768w, https:\/\/idesmac.net\/mrevistas\/wp-content\/uploads\/2023\/02\/19-232x300.jpg 232w, https:\/\/idesmac.net\/mrevistas\/wp-content\/uploads\/2023\/02\/19-791x1024.jpg 791w, https:\/\/idesmac.net\/mrevistas\/wp-content\/uploads\/2023\/02\/19-1187x1536.jpg 1187w, https:\/\/idesmac.net\/mrevistas\/wp-content\/uploads\/2023\/02\/19-1583x2048.jpg 1583w, https:\/\/idesmac.net\/mrevistas\/wp-content\/uploads\/2023\/02\/19-scaled.jpg 1978w\" sizes=\"(max-width: 768px) 100vw, 768px\" \/><\/a><\/div>\n<div class=\"pt-cv-overlay-wrapper\"><h2 class=\"pt-cv-title pt-cv-titlesm\"><a href=\"https:\/\/idesmac.net\/mrevistas\/?p=357\" class=\"_self\" target=\"_self\" >Revista N\u00famero 19<\/a><\/h2><div class=\"pt-cv-rmwrap\"><a href=\"https:\/\/idesmac.net\/mrevistas\/?p=357\" class=\"_self pt-cv-readmore btn btn-success\" target=\"_self\" >Leer M\u00e1s<\/a><\/div><div class=\"pt-cv-meta-fields\"><span class=\"entry-date\"> <time datetime=\"2020-01-13T06:36:35-06:00\">enero 13, 2020<\/time><\/span><span> \/ <\/span><span class=\"author\"> <a href=\"https:\/\/idesmac.net\/mrevistas\/?author=10\" rel=\"author\">IDESMAC<\/a><\/span><\/div><\/div><\/div><\/div><\/div> <\/div> <style>\n#pt-cv-view-67yj049c {text-align: center}#pt-cv-view-67yj049c .pt-cv-thumb-wrapper {margin-left: auto; margin-right: auto;}#pt-cv-view-67yj049c .pt-cv-thumb-wrapper::before {background: #000000; opacity: 0.4;}#pt-cv-view-67yj049c .pt-cv-overlay-wrapper {justify-content: center;}\n#pt-cv-view-67yj049c .pt-cv-meta-fields {  }#pt-cv-view-67yj049c .pt-cv-meta-fields * { font-size: 13px; }#pt-cv-view-67yj049c .pt-cv-thumb-wrapper {  }#pt-cv-view-67yj049c[class*=\"cveffect\"] .pt-cv-thumb-wrapper, #pt-cv-view-67yj049c:not([class*=\"cveffect\"]) .pt-cv-thumbnail { border-style: double; }#pt-cv-view-67yj049c .pt-cv-thumbnail {  }#pt-cv-view-67yj049c .pt-cv-title a { text-align: center;display: block;color: #ffffff; }#pt-cv-view-67yj049c .pt-cv-title:not(.pt-cv-titlesm) a { font-weight: 600;text-decoration: none;font-size: 26px; }#pt-cv-view-67yj049c .pt-cv-titlesm a { font-weight: 600;font-size: 20px; }#pt-cv-view-67yj049c .pt-cv-content { font-size: 15px; }#pt-cv-view-67yj049c .pt-cv-rmwrap {  }#pt-cv-view-67yj049c .pt-cv-readmore { color: #fff;background-color: #00b25c;font-size: 14px; }#pt-cv-view-67yj049c .pt-cv-taxoterm { margin: 0px 0px 20px 0px; }#pt-cv-view-67yj049c .pt-cv-taxoterm * { color: #222;background-color: #00b25c;font-size: 14px; }#pt-cv-view-67yj049c + .pt-cv-pagination-wrapper {  }#pt-cv-view-67yj049c + .pt-cv-pagination-wrapper a { font-size: 14px; }#pt-cv-view-67yj049c > .pt-cv-page {grid-auto-rows: 250px;grid-template-rows: calc(250px*1.5);grid-gap: 11px;}#pt-cv-view-67yj049c .pt-cv-title a:hover { color: #00b25c;background-color: #ffffff00; }#pt-cv-view-67yj049c .pt-cv-title:not(.pt-cv-titlesm) a:hover {  }\n@media all and (max-width: 1024px) { \n#pt-cv-view-67yj049c > .pt-cv-page {}\n} \n@media all and (max-width: 767px) { \n#pt-cv-view-67yj049c > .pt-cv-page {}\n} <\/style>\n\n<section class=\"gb-block-post-grid featuredpost aligncenter\"><h2 class=\"gb-post-grid-section-title\">Explorar<\/h2><div class=\"gb-post-grid-items is-list\"><article id=\"post-1785\" class=\"gb-post-grid-item post-1785 post type-post status-publish format-standard category-boletin-13-articulos tag-articulos tag-revista-13 entry\"><div class=\"gb-block-post-grid-text\"><header class=\"gb-block-post-grid-header\"><h4 class=\"gb-block-post-grid-title\"><a href=\"https:\/\/idesmac.net\/mrevistas\/?p=1785\" rel=\"bookmark\">La sociedad civil de Chiapas desde los territorios<\/a><\/h4><div class=\"gb-block-post-grid-byline\"><div class=\"gb-block-post-grid-author\" itemprop=\"author\" itemtype=\"https:\/\/schema.org\/Person\"><a class=\"gb-text-link\" href=\"https:\/\/idesmac.net\/mrevistas\/?author=118\" itemprop=\"url\" rel=\"author\"><span itemprop=\"name\">Mar\u00eda Guadalupe C\u00e1rdenas Zitle<\/span><\/a><\/div><time datetime=\"2025-05-21T13:00:32-06:00\" class=\"gb-block-post-grid-date\" itemprop=\"datePublished\">mayo 21, 2025<\/time><\/div><\/header><div class=\"gb-block-post-grid-excerpt\"><p>Resumen:El art\u00edculo presenta el desarrollo del segundo ciclo de la Escuela de Formaci\u00f3n de Organizaciones Locales para la Acci\u00f3n Territorial. Se detallan&hellip;<\/p>\n<p><a class=\"gb-block-post-grid-more-link gb-text-link\" href=\"https:\/\/idesmac.net\/mrevistas\/?p=1785\" rel=\"bookmark\">Continuar leyendo <span class=\"screen-reader-text\">La sociedad civil de Chiapas desde los territorios<\/span><\/a><\/p><\/div><\/div><\/article>\n<article id=\"post-933\" class=\"gb-post-grid-item post-933 post type-post status-publish format-standard category-boletin-13-articulos tag-articulos tag-revista-13 entry\"><div class=\"gb-block-post-grid-text\"><header class=\"gb-block-post-grid-header\"><h4 class=\"gb-block-post-grid-title\"><a href=\"https:\/\/idesmac.net\/mrevistas\/?p=933\" rel=\"bookmark\">Escuela de formaci\u00f3n de organizaci\u00f3n locales para la acci\u00f3n territorial<\/a><\/h4><div class=\"gb-block-post-grid-byline\"><div class=\"gb-block-post-grid-author\" itemprop=\"author\" itemtype=\"https:\/\/schema.org\/Person\"><a class=\"gb-text-link\" href=\"https:\/\/idesmac.net\/mrevistas\/?author=1\" itemprop=\"url\" rel=\"author\"><span itemprop=\"name\">IDESMAC<\/span><\/a><\/div><time datetime=\"2025-05-20T20:53:08-06:00\" class=\"gb-block-post-grid-date\" itemprop=\"datePublished\">mayo 20, 2025<\/time><\/div><\/header><div class=\"gb-block-post-grid-excerpt\"><p>Resumen:Este art\u00edculo explora el valor de la cartograf\u00eda participativa como herramienta esencial en la defensa territorial desde las comunidades ind\u00edgenas. Se describen&hellip;<\/p>\n<p><a class=\"gb-block-post-grid-more-link gb-text-link\" href=\"https:\/\/idesmac.net\/mrevistas\/?p=933\" rel=\"bookmark\">Continuar leyendo <span class=\"screen-reader-text\">Escuela de formaci\u00f3n de organizaci\u00f3n locales para la acci\u00f3n territorial<\/span><\/a><\/p><\/div><\/div><\/article>\n<article id=\"post-1695\" class=\"gb-post-grid-item post-1695 post type-post status-publish format-standard category-boletin-22-articulos tag-articulos tag-revista-23 entry\"><div class=\"gb-block-post-grid-text\"><header class=\"gb-block-post-grid-header\"><h4 class=\"gb-block-post-grid-title\"><a href=\"https:\/\/idesmac.net\/mrevistas\/?p=1695\" rel=\"bookmark\">Agua segura para ni\u00f1as y ni\u00f1os  en las comunidades de Calakmul,  Campeche.<\/a><\/h4><div class=\"gb-block-post-grid-byline\"><div class=\"gb-block-post-grid-author\" itemprop=\"author\" itemtype=\"https:\/\/schema.org\/Person\"><a class=\"gb-text-link\" href=\"https:\/\/idesmac.net\/mrevistas\/?author=21\" itemprop=\"url\" rel=\"author\"><span itemprop=\"name\">Grelsvia Argelia Aguiluz Casas<\/span><\/a><\/div><time datetime=\"2025-05-12T14:19:01-06:00\" class=\"gb-block-post-grid-date\" itemprop=\"datePublished\">mayo 12, 2025<\/time><\/div><\/header><div class=\"gb-block-post-grid-excerpt\"><p>Este art\u00edculo expone una experiencia de comunicaci\u00f3n comunitaria e intercultural desarrollada en Calakmul, Campeche, enfocada en la defensa del territorio y el&hellip;<\/p>\n<p><a class=\"gb-block-post-grid-more-link gb-text-link\" href=\"https:\/\/idesmac.net\/mrevistas\/?p=1695\" rel=\"bookmark\">Continuar leyendo <span class=\"screen-reader-text\">Agua segura para ni\u00f1as y ni\u00f1os  en las comunidades de Calakmul,  Campeche.<\/span><\/a><\/p><\/div><\/div><\/article>\n<article id=\"post-960\" class=\"gb-post-grid-item post-960 post type-post status-publish format-standard category-boletin-12-articulos tag-articulos tag-revista-12 entry\"><div class=\"gb-block-post-grid-text\"><header class=\"gb-block-post-grid-header\"><h4 class=\"gb-block-post-grid-title\"><a href=\"https:\/\/idesmac.net\/mrevistas\/?p=960\" rel=\"bookmark\">Fortalecimiento e innovaci\u00f3n  institucional participativa  para la gesti\u00f3n territorial en  municipios de los Altos de Chiapas  y la Pen\u00ednsula de Yucat\u00e1n<\/a><\/h4><div class=\"gb-block-post-grid-byline\"><div class=\"gb-block-post-grid-author\" itemprop=\"author\" itemtype=\"https:\/\/schema.org\/Person\"><a class=\"gb-text-link\" href=\"https:\/\/idesmac.net\/mrevistas\/?author=113\" itemprop=\"url\" rel=\"author\"><span itemprop=\"name\">Karina Gonz\u00e1lez-Bocanegra<\/span><\/a><\/div><time datetime=\"2025-05-12T13:44:43-06:00\" class=\"gb-block-post-grid-date\" itemprop=\"datePublished\">mayo 12, 2025<\/time><\/div><\/header><div class=\"gb-block-post-grid-excerpt\"><p>Gabriel Alejandro Argeluz comparte c\u00f3mo las comunidades mayas de Calakmul fortalecen su organizaci\u00f3n territorial a partir del trabajo colectivo y la producci\u00f3n&hellip;<\/p>\n<p><a class=\"gb-block-post-grid-more-link gb-text-link\" href=\"https:\/\/idesmac.net\/mrevistas\/?p=960\" rel=\"bookmark\">Continuar leyendo <span class=\"screen-reader-text\">Fortalecimiento e innovaci\u00f3n  institucional participativa  para la gesti\u00f3n territorial en  municipios de los Altos de Chiapas  y la Pen\u00ednsula de Yucat\u00e1n<\/span><\/a><\/p><\/div><\/div><\/article>\n<\/div><\/section>\n\n\n<p><\/p>\n","protected":false},"excerpt":{"rendered":"","protected":false},"author":1,"featured_media":0,"parent":0,"menu_order":0,"comment_status":"closed","ping_status":"closed","template":"","meta":{"_genesis_hide_title":true,"_genesis_hide_breadcrumbs":true,"_genesis_hide_singular_image":true,"_genesis_hide_footer_widgets":false,"_genesis_custom_body_class":"","_genesis_custom_post_class":"","_genesis_layout":"content-sidebar","footnotes":""},"class_list":{"0":"post-8","1":"page","2":"type-page","3":"status-publish","5":"entry"},"featured_image_src":null,"featured_image_src_square":null,"_links":{"self":[{"href":"https:\/\/idesmac.net\/mrevistas\/index.php?rest_route=\/wp\/v2\/pages\/8","targetHints":{"allow":["GET"]}}],"collection":[{"href":"https:\/\/idesmac.net\/mrevistas\/index.php?rest_route=\/wp\/v2\/pages"}],"about":[{"href":"https:\/\/idesmac.net\/mrevistas\/index.php?rest_route=\/wp\/v2\/types\/page"}],"author":[{"embeddable":true,"href":"https:\/\/idesmac.net\/mrevistas\/index.php?rest_route=\/wp\/v2\/users\/1"}],"replies":[{"embeddable":true,"href":"https:\/\/idesmac.net\/mrevistas\/index.php?rest_route=%2Fwp%2Fv2%2Fcomments&post=8"}],"version-history":[{"count":64,"href":"https:\/\/idesmac.net\/mrevistas\/index.php?rest_route=\/wp\/v2\/pages\/8\/revisions"}],"predecessor-version":[{"id":1588,"href":"https:\/\/idesmac.net\/mrevistas\/index.php?rest_route=\/wp\/v2\/pages\/8\/revisions\/1588"}],"wp:attachment":[{"href":"https:\/\/idesmac.net\/mrevistas\/index.php?rest_route=%2Fwp%2Fv2%2Fmedia&parent=8"}],"curies":[{"name":"wp","href":"https:\/\/api.w.org\/{rel}","templated":true}]}}