{"id":23,"date":"2025-06-09T15:17:44","date_gmt":"2025-06-09T15:17:44","guid":{"rendered":"https:\/\/idesmac.net\/publicaciones2\/?page_id=23"},"modified":"2025-07-10T20:26:03","modified_gmt":"2025-07-10T20:26:03","slug":"publicaciones-recientes","status":"publish","type":"page","link":"https:\/\/idesmac.net\/publicaciones2\/","title":{"rendered":"Publicaciones IDESMAC"},"content":{"rendered":"\n<div class=\"wp-block-columns is-layout-flex wp-container-core-columns-is-layout-9d6595d7 wp-block-columns-is-layout-flex\">\n<div class=\"wp-block-column is-layout-flow wp-block-column-is-layout-flow\" style=\"flex-basis:100%\"><\/div>\n<\/div>\n\n\n<div class='pt-cv-wrapper'> <h3 class='pt-cv-heading-container heading1' data-blockid='44rtadjp'><span class='pt-cv-heading'> Lo M\u00e1s Reciente <\/span><\/h3><div class=\"pt-cv-view pt-cv-blockgrid iscvblock iscvreal grid1 layout1\" id=\"pt-cv-view-44rtadjp\"><div data-id=\"pt-cv-page-1\" class=\"pt-cv-page\" data-cvc=\"3\"><div class=\" pt-cv-content-item pt-cv-1-col\" ><div class=\"pt-cv-thumb-wrapper  \"><a href=\"https:\/\/idesmac.net\/publicaciones2\/?p=1355\" class=\"_self pt-cv-href-thumbnail pt-cv-thumb-default\" target=\"_self\" ><img loading=\"lazy\" decoding=\"async\" width=\"768\" height=\"1085\" src=\"https:\/\/idesmac.net\/publicaciones2\/wp-content\/uploads\/2026\/01\/Carpeta-Didactica-1-768x1085.jpg\" class=\"pt-cv-thumbnail\" alt=\"\" \/><\/a><\/div>\n<div class=\"pt-cv-taxoterm above_title\"><a href='https:\/\/idesmac.net\/publicaciones2\/?cat=13' title='Riesgo y Cambio Clim\u00e1tico' class='pt-cv-tax-riesgo-y-cambio-climatico'>Riesgo y Cambio Clim\u00e1tico<\/a><\/div>\n<h4 class=\"pt-cv-title\"><a href=\"https:\/\/idesmac.net\/publicaciones2\/?p=1355\" class=\"_self\" target=\"_self\" >CARPETA DID\u00c1CTICA \u201cPlaneaci\u00f3n territorial e innovaci\u00f3n financiera para incrementar la resiliencia de M\u00e9xico al Cambio Clim\u00e1tico (SAbERES)<\/a><\/h4>\n<div class=\"pt-cv-content\">Toledo Mart\u00ednez, F. J., P\u00e9rez Garfias, S. E., Arreola Mu\u00f1oz, A. V., &amp; Aguiluz Casas, G. A. (2025). Carpeta did\u00e1ctica: &#8230;<\/div>\n<div class=\"pt-cv-rmwrap\"><a href=\"https:\/\/idesmac.net\/publicaciones2\/?p=1355\" class=\"_self pt-cv-readmore btn btn-success\" target=\"_self\" >Leer M\u00e1s<\/a><\/div><\/div>\n<div class=\" pt-cv-content-item pt-cv-1-col\" ><div class=\"pt-cv-thumb-wrapper  \"><a href=\"https:\/\/idesmac.net\/publicaciones2\/?p=1050\" class=\"_self pt-cv-href-thumbnail pt-cv-thumb-default\" target=\"_self\" ><img loading=\"lazy\" decoding=\"async\" width=\"490\" height=\"696\" src=\"https:\/\/idesmac.net\/publicaciones2\/wp-content\/uploads\/2025\/07\/Manual-para-la-Elaboracion-de-Plan-de-Manejo-de-Areas-Naturales-Protegidas.png\" class=\"pt-cv-thumbnail\" alt=\"\" \/><\/a><\/div>\n<div class=\"pt-cv-taxoterm above_title\"><a href='https:\/\/idesmac.net\/publicaciones2\/?cat=5' title='\u00c1reas Comunitarias Protegidas' class='pt-cv-tax-areas-comunitarias-protegidas'>\u00c1reas Comunitarias Protegidas<\/a><\/div>\n<h4 class=\"pt-cv-title\"><a href=\"https:\/\/idesmac.net\/publicaciones2\/?p=1050\" class=\"_self\" target=\"_self\" >Manual para la Elaboraci\u00f3n de Plan de Manejo de \u00c1reas Naturales Protegidas<\/a><\/h4>\n<div class=\"pt-cv-content\">Mar\u00eda Torres, Osvaldo Gonz\u00e1lez, C\u00e9sar S\u00e1nchez (2010). Manual para la Elaboraci\u00f3n de Plan de Manejo de \u00c1reas Naturales Protegidas. San &#8230;<\/div>\n<div class=\"pt-cv-rmwrap\"><a href=\"https:\/\/idesmac.net\/publicaciones2\/?p=1050\" class=\"_self pt-cv-readmore btn btn-success\" target=\"_self\" >Leer M\u00e1s<\/a><\/div><\/div>\n<div class=\" pt-cv-content-item pt-cv-1-col\" ><div class=\"pt-cv-thumb-wrapper  \"><a href=\"https:\/\/idesmac.net\/publicaciones2\/?p=707\" class=\"_self pt-cv-href-thumbnail pt-cv-thumb-default\" target=\"_self\" ><img loading=\"lazy\" decoding=\"async\" width=\"768\" height=\"957\" src=\"https:\/\/idesmac.net\/publicaciones2\/wp-content\/uploads\/2025\/06\/Captura-de-pantalla-2025-07-07-174155-768x957.png\" class=\"pt-cv-thumbnail\" alt=\"\" \/><\/a><\/div>\n<div class=\"pt-cv-taxoterm above_title\"><a href='https:\/\/idesmac.net\/publicaciones2\/?cat=14' title='Sociedad Civil' class='pt-cv-tax-sociedad-civil'>Sociedad Civil<\/a><\/div>\n<h4 class=\"pt-cv-title\"><a href=\"https:\/\/idesmac.net\/publicaciones2\/?p=707\" class=\"_self\" target=\"_self\" >Deconstruyendo la Sociedad Civil en Chiapas, Una lectura desde las organizaciones no gubernamentales Tomo III  Ambiente, Autonom\u00eda y Derechos<\/a><\/h4>\n<div class=\"pt-cv-content\">Arturo Arreola, Guadalupe C\u00e1rdenas, Paola P\u00e9rez Marcel\u00edn, Edwine Pay\u00e1n (2020). Deconstruyendo la Sociedad Civil en Chiapas, Una lectura desde las &#8230;<\/div>\n<div class=\"pt-cv-rmwrap\"><a href=\"https:\/\/idesmac.net\/publicaciones2\/?p=707\" class=\"_self pt-cv-readmore btn btn-success\" target=\"_self\" >Leer M\u00e1s<\/a><\/div><\/div>\n<div class=\" pt-cv-content-item pt-cv-1-col\" ><div class=\"pt-cv-thumb-wrapper  \"><a href=\"https:\/\/idesmac.net\/publicaciones2\/?p=706\" class=\"_self pt-cv-href-thumbnail pt-cv-thumb-default\" target=\"_self\" ><img loading=\"lazy\" decoding=\"async\" width=\"768\" height=\"948\" src=\"https:\/\/idesmac.net\/publicaciones2\/wp-content\/uploads\/2025\/06\/Captura-de-pantalla-2025-07-07-173723-768x948.png\" class=\"pt-cv-thumbnail\" alt=\"\" \/><\/a><\/div>\n<div class=\"pt-cv-taxoterm above_title\"><a href='https:\/\/idesmac.net\/publicaciones2\/?cat=14' title='Sociedad Civil' class='pt-cv-tax-sociedad-civil'>Sociedad Civil<\/a><\/div>\n<h4 class=\"pt-cv-title\"><a href=\"https:\/\/idesmac.net\/publicaciones2\/?p=706\" class=\"_self\" target=\"_self\" >Deconstruyendo la Sociedad Civil en Chiapas, Una lectura desde las organizaciones no gubernamentales Tomo II Equidad, Cultura y Comunalidad<\/a><\/h4>\n<div class=\"pt-cv-content\">Arturo Arreola, Guadalupe C\u00e1rdenas, Paola P\u00e9rez Marcel\u00edn, Edwine Pay\u00e1n (2020). Deconstruyendo la Sociedad Civil en Chiapas, Una lectura desde las &#8230;<\/div>\n<div class=\"pt-cv-rmwrap\"><a href=\"https:\/\/idesmac.net\/publicaciones2\/?p=706\" class=\"_self pt-cv-readmore btn btn-success\" target=\"_self\" >Leer M\u00e1s<\/a><\/div><\/div>\n<div class=\" pt-cv-content-item pt-cv-1-col\" ><div class=\"pt-cv-thumb-wrapper  \"><a href=\"https:\/\/idesmac.net\/publicaciones2\/?p=692\" class=\"_self pt-cv-href-thumbnail pt-cv-thumb-default\" target=\"_self\" ><img loading=\"lazy\" decoding=\"async\" width=\"768\" height=\"962\" src=\"https:\/\/idesmac.net\/publicaciones2\/wp-content\/uploads\/2025\/06\/Deconstruyendo-la-Sociedad-Civil-en-Chiapas-Una-lectura-desde-las-organizaciones-no-gubernamentales-Tomo-I-Economia-Redes-y-Desigualdad-768x962.png\" class=\"pt-cv-thumbnail\" alt=\"\" \/><\/a><\/div>\n<div class=\"pt-cv-taxoterm above_title\"><a href='https:\/\/idesmac.net\/publicaciones2\/?cat=14' title='Sociedad Civil' class='pt-cv-tax-sociedad-civil'>Sociedad Civil<\/a><\/div>\n<h4 class=\"pt-cv-title\"><a href=\"https:\/\/idesmac.net\/publicaciones2\/?p=692\" class=\"_self\" target=\"_self\" >Deconstruyendo la Sociedad Civil en Chiapas, Una lectura desde las organizaciones no gubernamentales Tomo I Econom\u00eda, Redes y Desigualdad<\/a><\/h4>\n<div class=\"pt-cv-content\">Arturo Arreola, Guadalupe C\u00e1rdenas, Paola P\u00e9rez Marcel\u00edn, Edwine Pay\u00e1n (2020). Deconstruyendo la Sociedad Civil en Chiapas, Una lectura desde las &#8230;<\/div>\n<div class=\"pt-cv-rmwrap\"><a href=\"https:\/\/idesmac.net\/publicaciones2\/?p=692\" class=\"_self pt-cv-readmore btn btn-success\" target=\"_self\" >Leer M\u00e1s<\/a><\/div><\/div>\n<div class=\" pt-cv-content-item pt-cv-1-col\" ><div class=\"pt-cv-thumb-wrapper  \"><a href=\"https:\/\/idesmac.net\/publicaciones2\/?p=688\" class=\"_self pt-cv-href-thumbnail pt-cv-thumb-default\" target=\"_self\" ><img loading=\"lazy\" decoding=\"async\" width=\"508\" height=\"657\" src=\"https:\/\/idesmac.net\/publicaciones2\/wp-content\/uploads\/2025\/06\/Cuaderno-de-prevencion-de-desastres-del-Ejido-Ovando-La-Pinuela-Escuintla-Chiapas.png\" class=\"pt-cv-thumbnail\" alt=\"\" \/><\/a><\/div>\n<div class=\"pt-cv-taxoterm above_title\"><a href='https:\/\/idesmac.net\/publicaciones2\/?cat=121' title='Cuadernos' class='pt-cv-tax-cuadernos-riesgo-y-cambio-climatico'>Cuadernos<\/a><a href='https:\/\/idesmac.net\/publicaciones2\/?cat=13' title='Riesgo y Cambio Clim\u00e1tico' class='pt-cv-tax-riesgo-y-cambio-climatico'>Riesgo y Cambio Clim\u00e1tico<\/a><\/div>\n<h4 class=\"pt-cv-title\"><a href=\"https:\/\/idesmac.net\/publicaciones2\/?p=688\" class=\"_self\" target=\"_self\" >Cuaderno de prevenci\u00f3n de desastres del Ejido Ovando La Pi\u00f1uela, Escuintla, Chiapas<\/a><\/h4>\n<div class=\"pt-cv-content\">(2019). Cuaderno de prevenci\u00f3n de desastres del Ejido Ovando La Pi\u00f1uela, Escuintla, Chiapas. San Crist\u00f3bal de las Casas, Chiapas: Fondo &#8230;<\/div>\n<div class=\"pt-cv-rmwrap\"><a href=\"https:\/\/idesmac.net\/publicaciones2\/?p=688\" class=\"_self pt-cv-readmore btn btn-success\" target=\"_self\" >Leer M\u00e1s<\/a><\/div><\/div><\/div><\/div> <\/div> <style>\n\n#pt-cv-view-44rtadjp .pt-cv-meta-fields {  }#pt-cv-view-44rtadjp .pt-cv-meta-fields * { font-size: 13px; }#pt-cv-view-44rtadjp .pt-cv-thumb-wrapper:not(.miniwrap) {  }#pt-cv-view-44rtadjp .pt-cv-thumbnail:not(.pt-cv-thumbnailsm) { height: 250px; }#pt-cv-view-44rtadjp .pt-cv-title a { display: block; }#pt-cv-view-44rtadjp .pt-cv-title:not(.pt-cv-titlesm) a { font-weight: 600;text-decoration: none;font-size: 20px; }#pt-cv-view-44rtadjp .pt-cv-titlesm a { font-weight: 600;font-size: 18px; }#pt-cv-view-44rtadjp .pt-cv-content { font-size: 15px; }#pt-cv-view-44rtadjp .pt-cv-rmwrap {  }#pt-cv-view-44rtadjp .pt-cv-readmore { color: #fff;background-color: #0075ff;font-size: 14px; }#pt-cv-view-44rtadjp .pt-cv-taxoterm {  }#pt-cv-view-44rtadjp .pt-cv-taxoterm * { color: #222;background-color: #fff6f6;font-size: 14px; }#pt-cv-view-44rtadjp + .pt-cv-pagination-wrapper {  }#pt-cv-view-44rtadjp + .pt-cv-pagination-wrapper a { font-size: 14px; }#pt-cv-view-44rtadjp > .pt-cv-page {grid-template-columns: repeat(3, 1fr);grid-gap: 20px;}\n@media all and (max-width: 1024px) { \n#pt-cv-view-44rtadjp > .pt-cv-page {}\n} \n@media all and (max-width: 767px) { \n#pt-cv-view-44rtadjp > .pt-cv-page {grid-template-columns: repeat(1, 1fr);}\n} <\/style>","protected":false},"excerpt":{"rendered":"","protected":false},"author":1,"featured_media":0,"parent":0,"menu_order":0,"comment_status":"closed","ping_status":"closed","template":"","meta":{"cybocfi_hide_featured_image":"","footnotes":""},"class_list":["post-23","page","type-page","status-publish","hentry"],"_links":{"self":[{"href":"https:\/\/idesmac.net\/publicaciones2\/index.php?rest_route=\/wp\/v2\/pages\/23","targetHints":{"allow":["GET"]}}],"collection":[{"href":"https:\/\/idesmac.net\/publicaciones2\/index.php?rest_route=\/wp\/v2\/pages"}],"about":[{"href":"https:\/\/idesmac.net\/publicaciones2\/index.php?rest_route=\/wp\/v2\/types\/page"}],"author":[{"embeddable":true,"href":"https:\/\/idesmac.net\/publicaciones2\/index.php?rest_route=\/wp\/v2\/users\/1"}],"replies":[{"embeddable":true,"href":"https:\/\/idesmac.net\/publicaciones2\/index.php?rest_route=%2Fwp%2Fv2%2Fcomments&post=23"}],"version-history":[{"count":10,"href":"https:\/\/idesmac.net\/publicaciones2\/index.php?rest_route=\/wp\/v2\/pages\/23\/revisions"}],"predecessor-version":[{"id":1268,"href":"https:\/\/idesmac.net\/publicaciones2\/index.php?rest_route=\/wp\/v2\/pages\/23\/revisions\/1268"}],"wp:attachment":[{"href":"https:\/\/idesmac.net\/publicaciones2\/index.php?rest_route=%2Fwp%2Fv2%2Fmedia&parent=23"}],"curies":[{"name":"wp","href":"https:\/\/api.w.org\/{rel}","templated":true}]}}